{"id":1075,"date":"2019-11-27T06:13:29","date_gmt":"2019-11-27T11:13:29","guid":{"rendered":"https:\/\/windsor.turnbull.co\/?page_id=1075"},"modified":"2024-05-28T11:00:33","modified_gmt":"2024-05-28T15:00:33","slug":"criteres-financieres-deligibilite","status":"publish","type":"page","link":"https:\/\/www.blc-cjb.com\/fr\/criteres-financieres-deligibilite\/","title":{"rendered":"Admissibilit\u00e9 financi\u00e8re"},"content":{"rendered":"\n<h2>Qui est admissible?<\/h2>\n<ul style=\"list-style-type: disc;\">\n<li style=\"text-align: left;\">Les personnes dont les probl\u00e8mes rel\u00e8vent des domaines du droit pratiqu\u00e9s par la clinique.<\/li>\n<li style=\"text-align: left;\">Les personnes dont les revenus et les actifs sont conformes aux lignes directrices \u00e9tablies par Aide juridique Ontario pour la repr\u00e9sentation. Les lignes directrices financi\u00e8res ne sont pas prises en compte lorsque le personnel n\u2019offre que des conseils sommaires.<\/li>\n<\/ul>\n<p><strong>Nous ne pouvons vous aider que si vous disposez d\u2019un faible revenu. Toutefois, nous pouvons vous fournir des conseils sommaires m\u00eame si vos revenus sont sup\u00e9rieurs \u00e0 nos plafonds, alors appelez\u2011nous.<\/strong><\/p>\n<ul>\n<li style=\"list-style-type: none;\">\n<p>Si votre principale source de revenus est l\u2019une des suivantes, vous remplissez les conditions financi\u00e8res pour b\u00e9n\u00e9ficier de nos services\u00a0:<\/p>\n<\/li>\n<li style=\"text-align: left;\">Ontario au travail;<\/li>\n<li style=\"text-align: left;\">Programme ontarien de soutien aux personnes handicap\u00e9es;<\/li>\n<li style=\"text-align: left;\">S\u00e9curit\u00e9 de la vieillesse avec Suppl\u00e9ment de revenu garanti;<\/li>\n<li style=\"text-align: left;\">Allocation aux anciens combattants;<\/li>\n<li style=\"text-align: left;\">R\u00e9gime de pensions du Canada (dans le cas d\u2019une demande de prestations du R\u00e9gime de pensions du Canada lorsque celui\u2011ci est la principale source de revenus de la famille);<\/li>\n<li style=\"text-align: left;\">les prestations de la Commission de la s\u00e9curit\u00e9 professionnelle et de l\u2019assurance contre les accidents du travail qui sont temporaires ou menac\u00e9es.<\/li>\n<\/ul>\n<p>L\u2019admissibilit\u00e9 financi\u00e8re est principalement bas\u00e9e sur la taille et le revenu de la famille. L\u2019admissibilit\u00e9 d\u00e9pend \u00e9galement des actifs que vous poss\u00e9dez.<\/p>\n<p>Il faut tenir compte de certains facteurs discr\u00e9tionnaires. Par exemple, un c\u00e9libataire sans enfant, b\u00e9n\u00e9ficiant des facteurs discr\u00e9tionnaires maximaux, pourrait avoir un revenu allant jusqu\u2019\u00e0 21 144 $ par an. Un parent c\u00e9libataire avec deux enfants, b\u00e9n\u00e9ficiant des facteurs discr\u00e9tionnaires maximaux, pourrait avoir un revenu allant jusqu\u2019\u00e0 39 143 $ par an.<\/p>\n","protected":false},"excerpt":{"rendered":"<p>Qui est admissible?<\/p>\n<p>Les personnes dont les probl\u00e8mes rel\u00e8vent des domaines du droit pratiqu\u00e9s par la clinique.<br \/>\nLes personnes dont les revenus et les actifs sont conformes aux lignes directrices \u00e9tablies par Aide juridique Ontario pour la repr\u00e9sentation. Les lignes directrices financi\u00e8res ne sont pas prises en compte lorsque le personnel n\u2019offre que des conseils sommaires.<\/p>\n","protected":false},"author":2,"featured_media":0,"parent":0,"menu_order":0,"comment_status":"closed","ping_status":"closed","template":"","meta":{"_bbp_topic_count":0,"_bbp_reply_count":0,"_bbp_total_topic_count":0,"_bbp_total_reply_count":0,"_bbp_voice_count":0,"_bbp_anonymous_reply_count":0,"_bbp_topic_count_hidden":0,"_bbp_reply_count_hidden":0,"_bbp_forum_subforum_count":0,"footnotes":""},"class_list":["post-1075","page","type-page","status-publish","hentry"],"yoast_head":"<!-- This site is optimized with the Yoast SEO plugin v27.0 - https:\/\/yoast.com\/product\/yoast-seo-wordpress\/ -->\n<title>Admissibilit\u00e9 financi\u00e8re - Clinique juridique bilingue Windsor-Essex Bilingual Legal Clinic<\/title>\n<meta name=\"robots\" content=\"index, follow, max-snippet:-1, max-image-preview:large, max-video-preview:-1\" \/>\n<link rel=\"canonical\" href=\"https:\/\/www.blc-cjb.com\/fr\/criteres-financieres-deligibilite\/\" \/>\n<meta property=\"og:locale\" content=\"fr_FR\" \/>\n<meta property=\"og:type\" content=\"article\" \/>\n<meta property=\"og:title\" content=\"Admissibilit\u00e9 financi\u00e8re - Clinique juridique bilingue Windsor-Essex Bilingual Legal Clinic\" \/>\n<meta property=\"og:description\" content=\"Qui est admissible? Les personnes dont les probl\u00e8mes rel\u00e8vent des domaines du droit pratiqu\u00e9s par la clinique. Les personnes dont les revenus et les actifs sont conformes aux lignes directrices \u00e9tablies par Aide juridique Ontario pour la repr\u00e9sentation. Les lignes directrices financi\u00e8res ne sont pas prises en compte lorsque le personnel n\u2019offre que des conseils sommaires.\" \/>\n<meta property=\"og:url\" content=\"https:\/\/www.blc-cjb.com\/fr\/criteres-financieres-deligibilite\/\" \/>\n<meta property=\"og:site_name\" content=\"Clinique juridique bilingue Windsor-Essex Bilingual Legal Clinic\" \/>\n<meta property=\"article:modified_time\" content=\"2024-05-28T15:00:33+00:00\" \/>\n<meta name=\"twitter:card\" content=\"summary_large_image\" \/>\n<meta name=\"twitter:label1\" content=\"Dur\u00e9e de lecture estim\u00e9e\" \/>\n\t<meta name=\"twitter:data1\" content=\"2 minutes\" \/>\n<script type=\"application\/ld+json\" class=\"yoast-schema-graph\">{\"@context\":\"https:\/\/schema.org\",\"@graph\":[{\"@type\":\"WebPage\",\"@id\":\"https:\/\/www.blc-cjb.com\/fr\/criteres-financieres-deligibilite\/\",\"url\":\"https:\/\/www.blc-cjb.com\/fr\/criteres-financieres-deligibilite\/\",\"name\":\"Admissibilit\u00e9 financi\u00e8re - Clinique juridique bilingue Windsor-Essex Bilingual Legal Clinic\",\"isPartOf\":{\"@id\":\"https:\/\/www.blc-cjb.com\/#website\"},\"datePublished\":\"2019-11-27T11:13:29+00:00\",\"dateModified\":\"2024-05-28T15:00:33+00:00\",\"breadcrumb\":{\"@id\":\"https:\/\/www.blc-cjb.com\/fr\/criteres-financieres-deligibilite\/#breadcrumb\"},\"inLanguage\":\"fr-FR\",\"potentialAction\":[{\"@type\":\"ReadAction\",\"target\":[\"https:\/\/www.blc-cjb.com\/fr\/criteres-financieres-deligibilite\/\"]}]},{\"@type\":\"BreadcrumbList\",\"@id\":\"https:\/\/www.blc-cjb.com\/fr\/criteres-financieres-deligibilite\/#breadcrumb\",\"itemListElement\":[{\"@type\":\"ListItem\",\"position\":1,\"name\":\"Home\",\"item\":\"https:\/\/www.blc-cjb.com\/fr\/\"},{\"@type\":\"ListItem\",\"position\":2,\"name\":\"Admissibilit\u00e9 financi\u00e8re\"}]},{\"@type\":\"WebSite\",\"@id\":\"https:\/\/www.blc-cjb.com\/#website\",\"url\":\"https:\/\/www.blc-cjb.com\/\",\"name\":\"CEO All Clinics\",\"description\":\"\",\"potentialAction\":[{\"@type\":\"SearchAction\",\"target\":{\"@type\":\"EntryPoint\",\"urlTemplate\":\"https:\/\/www.blc-cjb.com\/?s={search_term_string}\"},\"query-input\":{\"@type\":\"PropertyValueSpecification\",\"valueRequired\":true,\"valueName\":\"search_term_string\"}}],\"inLanguage\":\"fr-FR\"}]}<\/script>\n<!-- \/ Yoast SEO plugin. -->","yoast_head_json":{"title":"Admissibilit\u00e9 financi\u00e8re - Clinique juridique bilingue Windsor-Essex Bilingual Legal Clinic","robots":{"index":"index","follow":"follow","max-snippet":"max-snippet:-1","max-image-preview":"max-image-preview:large","max-video-preview":"max-video-preview:-1"},"canonical":"https:\/\/www.blc-cjb.com\/fr\/criteres-financieres-deligibilite\/","og_locale":"fr_FR","og_type":"article","og_title":"Admissibilit\u00e9 financi\u00e8re - Clinique juridique bilingue Windsor-Essex Bilingual Legal Clinic","og_description":"Qui est admissible? Les personnes dont les probl\u00e8mes rel\u00e8vent des domaines du droit pratiqu\u00e9s par la clinique. Les personnes dont les revenus et les actifs sont conformes aux lignes directrices \u00e9tablies par Aide juridique Ontario pour la repr\u00e9sentation. Les lignes directrices financi\u00e8res ne sont pas prises en compte lorsque le personnel n\u2019offre que des conseils sommaires.","og_url":"https:\/\/www.blc-cjb.com\/fr\/criteres-financieres-deligibilite\/","og_site_name":"Clinique juridique bilingue Windsor-Essex Bilingual Legal Clinic","article_modified_time":"2024-05-28T15:00:33+00:00","twitter_card":"summary_large_image","twitter_misc":{"Dur\u00e9e de lecture estim\u00e9e":"2 minutes"},"schema":{"@context":"https:\/\/schema.org","@graph":[{"@type":"WebPage","@id":"https:\/\/www.blc-cjb.com\/fr\/criteres-financieres-deligibilite\/","url":"https:\/\/www.blc-cjb.com\/fr\/criteres-financieres-deligibilite\/","name":"Admissibilit\u00e9 financi\u00e8re - Clinique juridique bilingue Windsor-Essex Bilingual Legal Clinic","isPartOf":{"@id":"https:\/\/www.blc-cjb.com\/#website"},"datePublished":"2019-11-27T11:13:29+00:00","dateModified":"2024-05-28T15:00:33+00:00","breadcrumb":{"@id":"https:\/\/www.blc-cjb.com\/fr\/criteres-financieres-deligibilite\/#breadcrumb"},"inLanguage":"fr-FR","potentialAction":[{"@type":"ReadAction","target":["https:\/\/www.blc-cjb.com\/fr\/criteres-financieres-deligibilite\/"]}]},{"@type":"BreadcrumbList","@id":"https:\/\/www.blc-cjb.com\/fr\/criteres-financieres-deligibilite\/#breadcrumb","itemListElement":[{"@type":"ListItem","position":1,"name":"Home","item":"https:\/\/www.blc-cjb.com\/fr\/"},{"@type":"ListItem","position":2,"name":"Admissibilit\u00e9 financi\u00e8re"}]},{"@type":"WebSite","@id":"https:\/\/www.blc-cjb.com\/#website","url":"https:\/\/www.blc-cjb.com\/","name":"CEO All Clinics","description":"","potentialAction":[{"@type":"SearchAction","target":{"@type":"EntryPoint","urlTemplate":"https:\/\/www.blc-cjb.com\/?s={search_term_string}"},"query-input":{"@type":"PropertyValueSpecification","valueRequired":true,"valueName":"search_term_string"}}],"inLanguage":"fr-FR"}]}},"_links":{"self":[{"href":"https:\/\/www.blc-cjb.com\/fr\/wp-json\/wp\/v2\/pages\/1075","targetHints":{"allow":["GET"]}}],"collection":[{"href":"https:\/\/www.blc-cjb.com\/fr\/wp-json\/wp\/v2\/pages"}],"about":[{"href":"https:\/\/www.blc-cjb.com\/fr\/wp-json\/wp\/v2\/types\/page"}],"author":[{"embeddable":true,"href":"https:\/\/www.blc-cjb.com\/fr\/wp-json\/wp\/v2\/users\/2"}],"replies":[{"embeddable":true,"href":"https:\/\/www.blc-cjb.com\/fr\/wp-json\/wp\/v2\/comments?post=1075"}],"version-history":[{"count":8,"href":"https:\/\/www.blc-cjb.com\/fr\/wp-json\/wp\/v2\/pages\/1075\/revisions"}],"predecessor-version":[{"id":2890,"href":"https:\/\/www.blc-cjb.com\/fr\/wp-json\/wp\/v2\/pages\/1075\/revisions\/2890"}],"wp:attachment":[{"href":"https:\/\/www.blc-cjb.com\/fr\/wp-json\/wp\/v2\/media?parent=1075"}],"curies":[{"name":"wp","href":"https:\/\/api.w.org\/{rel}","templated":true}]}}