{"id":1064,"date":"2019-11-27T05:56:53","date_gmt":"2019-11-27T10:56:53","guid":{"rendered":"https:\/\/windsor.turnbull.co\/?page_id=1064"},"modified":"2024-08-31T14:55:07","modified_gmt":"2024-08-31T18:55:07","slug":"notre-conseil-dadministration-comment-devenir-membre","status":"publish","type":"page","link":"https:\/\/www.blc-cjb.com\/fr\/qui-sommes-nous\/notre-conseil-dadministration-comment-devenir-membre\/","title":{"rendered":"Notre conseil d\u2019administration et nos membres"},"content":{"rendered":"\n<p>La clinique est r\u00e9gie par un conseil d\u2019administration b\u00e9n\u00e9vole, \u00e9lu chaque ann\u00e9e par nos membres. Veuillez communiquer avec nous si vous souhaitez devenir membre de notre clinique ou participer \u00e0 des \u00e9v\u00e9nements ou des campagnes auxquels notre clinique est associ\u00e9e.<\/p>\n<p><span style=\"font-size: revert; color: initial;\">Si vous souhaitez devenir membre de la clinique ou si vous souhaitez faire partie de notre conseil d\u2019administration, veuillez communiquer avec nous. L\u2019adh\u00e9sion \u00e0 la clinique vous donne le droit de voter \u00e0 notre assembl\u00e9e g\u00e9n\u00e9rale annuelle et de vous pr\u00e9senter \u00e0 l\u2019\u00e9lection de notre conseil d\u2019administration. L\u2019adh\u00e9sion d\u2019un individu ou d\u2019un organisme ne co\u00fbte que 2,00 $ par an. T\u00e9l\u00e9chargez une copie de notre\u00a0<\/span><a style=\"font-size: revert;\" href=\"\/wp-content\/uploads\/2019\/11\/membership-forms.pdf\">demande d\u2019adh\u00e9sion (<\/a><a href=\"https:\/\/www.blc-cjb.com\/wp-content\/uploads\/2019\/11\/membership-forms.pdf\">en format<\/a> PDF)<span style=\"font-size: revert; color: initial;\">.<\/span><\/p>\n<h2>Membres actuels du conseil d\u2019administration<\/h2>\n<ul>\n<li>Annette Tr\u00e9panier, pr\u00e9sidente<\/li>\n<li>Linda Rochon, pr\u00e9sidente-adjointe<\/li>\n<li>Ziyada Abdallah, tr\u00e9sori\u00e8re<\/li>\n<li>Charles Karorero, administrateur<\/li>\n<li>Anaclet Karengayi, administrateur<\/li>\n<li>F\u00e9lix Bwitonzi, administrateur<\/li>\n<li>F\u00e9licit\u00e9 Ntunga, administratrice<\/li>\n<li>Claudia Lucaci, administratrice<\/li>\n<li>Jean-Marie Ndibanje, administrateur<\/li>\n<\/ul>\n<h2>Possibilit\u00e9s de b\u00e9n\u00e9volat<\/h2>\n<p>Veuillez <a href=\"https:\/\/www.blc-cjb.com\/fr\/communiquez-avec-nous\/\">communiquer avec nous<\/a> pour savoir s\u2019il existe des possibilit\u00e9s de b\u00e9n\u00e9volat \u00e0 la clinique.<\/p>\n","protected":false},"excerpt":{"rendered":"<p>La clinique est r\u00e9gie par un conseil d\u2019administration b\u00e9n\u00e9vole, \u00e9lu chaque ann\u00e9e par nos membres. Veuillez communiquer avec nous si vous souhaitez devenir membre de notre clinique ou participer \u00e0 des \u00e9v\u00e9nements ou des campagnes auxquels notre clinique est associ\u00e9e.<br \/>\nSi vous souhaitez devenir membre de la clinique ou si vous souhaitez faire partie de notre conseil d\u2019administration,<\/p>\n","protected":false},"author":2,"featured_media":0,"parent":1057,"menu_order":0,"comment_status":"closed","ping_status":"closed","template":"","meta":{"_bbp_topic_count":0,"_bbp_reply_count":0,"_bbp_total_topic_count":0,"_bbp_total_reply_count":0,"_bbp_voice_count":0,"_bbp_anonymous_reply_count":0,"_bbp_topic_count_hidden":0,"_bbp_reply_count_hidden":0,"_bbp_forum_subforum_count":0,"footnotes":""},"class_list":["post-1064","page","type-page","status-publish","hentry"],"yoast_head":"<!-- This site is optimized with the Yoast SEO plugin v27.0 - https:\/\/yoast.com\/product\/yoast-seo-wordpress\/ -->\n<title>Notre conseil d\u2019administration et nos membres - Clinique juridique bilingue Windsor-Essex Bilingual Legal Clinic<\/title>\n<meta name=\"robots\" content=\"index, follow, max-snippet:-1, max-image-preview:large, max-video-preview:-1\" \/>\n<link rel=\"canonical\" href=\"https:\/\/www.blc-cjb.com\/fr\/qui-sommes-nous\/notre-conseil-dadministration-comment-devenir-membre\/\" \/>\n<meta property=\"og:locale\" content=\"fr_FR\" \/>\n<meta property=\"og:type\" content=\"article\" \/>\n<meta property=\"og:title\" content=\"Notre conseil d\u2019administration et nos membres - Clinique juridique bilingue Windsor-Essex Bilingual Legal Clinic\" \/>\n<meta property=\"og:description\" content=\"La clinique est r\u00e9gie par un conseil d\u2019administration b\u00e9n\u00e9vole, \u00e9lu chaque ann\u00e9e par nos membres. Veuillez communiquer avec nous si vous souhaitez devenir membre de notre clinique ou participer \u00e0 des \u00e9v\u00e9nements ou des campagnes auxquels notre clinique est associ\u00e9e. Si vous souhaitez devenir membre de la clinique ou si vous souhaitez faire partie de notre conseil d\u2019administration,\" \/>\n<meta property=\"og:url\" content=\"https:\/\/www.blc-cjb.com\/fr\/qui-sommes-nous\/notre-conseil-dadministration-comment-devenir-membre\/\" \/>\n<meta property=\"og:site_name\" content=\"Clinique juridique bilingue Windsor-Essex Bilingual Legal Clinic\" \/>\n<meta property=\"article:modified_time\" content=\"2024-08-31T18:55:07+00:00\" \/>\n<meta name=\"twitter:card\" content=\"summary_large_image\" \/>\n<meta name=\"twitter:label1\" content=\"Dur\u00e9e de lecture estim\u00e9e\" \/>\n\t<meta name=\"twitter:data1\" content=\"1 minute\" \/>\n<script type=\"application\/ld+json\" class=\"yoast-schema-graph\">{\"@context\":\"https:\/\/schema.org\",\"@graph\":[{\"@type\":\"WebPage\",\"@id\":\"https:\/\/www.blc-cjb.com\/fr\/qui-sommes-nous\/notre-conseil-dadministration-comment-devenir-membre\/\",\"url\":\"https:\/\/www.blc-cjb.com\/fr\/qui-sommes-nous\/notre-conseil-dadministration-comment-devenir-membre\/\",\"name\":\"Notre conseil d\u2019administration et nos membres - Clinique juridique bilingue Windsor-Essex Bilingual Legal Clinic\",\"isPartOf\":{\"@id\":\"https:\/\/www.blc-cjb.com\/#website\"},\"datePublished\":\"2019-11-27T10:56:53+00:00\",\"dateModified\":\"2024-08-31T18:55:07+00:00\",\"breadcrumb\":{\"@id\":\"https:\/\/www.blc-cjb.com\/fr\/qui-sommes-nous\/notre-conseil-dadministration-comment-devenir-membre\/#breadcrumb\"},\"inLanguage\":\"fr-FR\",\"potentialAction\":[{\"@type\":\"ReadAction\",\"target\":[\"https:\/\/www.blc-cjb.com\/fr\/qui-sommes-nous\/notre-conseil-dadministration-comment-devenir-membre\/\"]}]},{\"@type\":\"BreadcrumbList\",\"@id\":\"https:\/\/www.blc-cjb.com\/fr\/qui-sommes-nous\/notre-conseil-dadministration-comment-devenir-membre\/#breadcrumb\",\"itemListElement\":[{\"@type\":\"ListItem\",\"position\":1,\"name\":\"Home\",\"item\":\"https:\/\/www.blc-cjb.com\/fr\/\"},{\"@type\":\"ListItem\",\"position\":2,\"name\":\"Qui sommes-nous?\",\"item\":\"https:\/\/www.blc-cjb.com\/fr\/qui-sommes-nous\/\"},{\"@type\":\"ListItem\",\"position\":3,\"name\":\"Notre conseil d\u2019administration et nos membres\"}]},{\"@type\":\"WebSite\",\"@id\":\"https:\/\/www.blc-cjb.com\/#website\",\"url\":\"https:\/\/www.blc-cjb.com\/\",\"name\":\"CEO All Clinics\",\"description\":\"\",\"potentialAction\":[{\"@type\":\"SearchAction\",\"target\":{\"@type\":\"EntryPoint\",\"urlTemplate\":\"https:\/\/www.blc-cjb.com\/?s={search_term_string}\"},\"query-input\":{\"@type\":\"PropertyValueSpecification\",\"valueRequired\":true,\"valueName\":\"search_term_string\"}}],\"inLanguage\":\"fr-FR\"}]}<\/script>\n<!-- \/ Yoast SEO plugin. -->","yoast_head_json":{"title":"Notre conseil d\u2019administration et nos membres - Clinique juridique bilingue Windsor-Essex Bilingual Legal Clinic","robots":{"index":"index","follow":"follow","max-snippet":"max-snippet:-1","max-image-preview":"max-image-preview:large","max-video-preview":"max-video-preview:-1"},"canonical":"https:\/\/www.blc-cjb.com\/fr\/qui-sommes-nous\/notre-conseil-dadministration-comment-devenir-membre\/","og_locale":"fr_FR","og_type":"article","og_title":"Notre conseil d\u2019administration et nos membres - Clinique juridique bilingue Windsor-Essex Bilingual Legal Clinic","og_description":"La clinique est r\u00e9gie par un conseil d\u2019administration b\u00e9n\u00e9vole, \u00e9lu chaque ann\u00e9e par nos membres. Veuillez communiquer avec nous si vous souhaitez devenir membre de notre clinique ou participer \u00e0 des \u00e9v\u00e9nements ou des campagnes auxquels notre clinique est associ\u00e9e. Si vous souhaitez devenir membre de la clinique ou si vous souhaitez faire partie de notre conseil d\u2019administration,","og_url":"https:\/\/www.blc-cjb.com\/fr\/qui-sommes-nous\/notre-conseil-dadministration-comment-devenir-membre\/","og_site_name":"Clinique juridique bilingue Windsor-Essex Bilingual Legal Clinic","article_modified_time":"2024-08-31T18:55:07+00:00","twitter_card":"summary_large_image","twitter_misc":{"Dur\u00e9e de lecture estim\u00e9e":"1 minute"},"schema":{"@context":"https:\/\/schema.org","@graph":[{"@type":"WebPage","@id":"https:\/\/www.blc-cjb.com\/fr\/qui-sommes-nous\/notre-conseil-dadministration-comment-devenir-membre\/","url":"https:\/\/www.blc-cjb.com\/fr\/qui-sommes-nous\/notre-conseil-dadministration-comment-devenir-membre\/","name":"Notre conseil d\u2019administration et nos membres - Clinique juridique bilingue Windsor-Essex Bilingual Legal Clinic","isPartOf":{"@id":"https:\/\/www.blc-cjb.com\/#website"},"datePublished":"2019-11-27T10:56:53+00:00","dateModified":"2024-08-31T18:55:07+00:00","breadcrumb":{"@id":"https:\/\/www.blc-cjb.com\/fr\/qui-sommes-nous\/notre-conseil-dadministration-comment-devenir-membre\/#breadcrumb"},"inLanguage":"fr-FR","potentialAction":[{"@type":"ReadAction","target":["https:\/\/www.blc-cjb.com\/fr\/qui-sommes-nous\/notre-conseil-dadministration-comment-devenir-membre\/"]}]},{"@type":"BreadcrumbList","@id":"https:\/\/www.blc-cjb.com\/fr\/qui-sommes-nous\/notre-conseil-dadministration-comment-devenir-membre\/#breadcrumb","itemListElement":[{"@type":"ListItem","position":1,"name":"Home","item":"https:\/\/www.blc-cjb.com\/fr\/"},{"@type":"ListItem","position":2,"name":"Qui sommes-nous?","item":"https:\/\/www.blc-cjb.com\/fr\/qui-sommes-nous\/"},{"@type":"ListItem","position":3,"name":"Notre conseil d\u2019administration et nos membres"}]},{"@type":"WebSite","@id":"https:\/\/www.blc-cjb.com\/#website","url":"https:\/\/www.blc-cjb.com\/","name":"CEO All Clinics","description":"","potentialAction":[{"@type":"SearchAction","target":{"@type":"EntryPoint","urlTemplate":"https:\/\/www.blc-cjb.com\/?s={search_term_string}"},"query-input":{"@type":"PropertyValueSpecification","valueRequired":true,"valueName":"search_term_string"}}],"inLanguage":"fr-FR"}]}},"_links":{"self":[{"href":"https:\/\/www.blc-cjb.com\/fr\/wp-json\/wp\/v2\/pages\/1064","targetHints":{"allow":["GET"]}}],"collection":[{"href":"https:\/\/www.blc-cjb.com\/fr\/wp-json\/wp\/v2\/pages"}],"about":[{"href":"https:\/\/www.blc-cjb.com\/fr\/wp-json\/wp\/v2\/types\/page"}],"author":[{"embeddable":true,"href":"https:\/\/www.blc-cjb.com\/fr\/wp-json\/wp\/v2\/users\/2"}],"replies":[{"embeddable":true,"href":"https:\/\/www.blc-cjb.com\/fr\/wp-json\/wp\/v2\/comments?post=1064"}],"version-history":[{"count":7,"href":"https:\/\/www.blc-cjb.com\/fr\/wp-json\/wp\/v2\/pages\/1064\/revisions"}],"predecessor-version":[{"id":2970,"href":"https:\/\/www.blc-cjb.com\/fr\/wp-json\/wp\/v2\/pages\/1064\/revisions\/2970"}],"up":[{"embeddable":true,"href":"https:\/\/www.blc-cjb.com\/fr\/wp-json\/wp\/v2\/pages\/1057"}],"wp:attachment":[{"href":"https:\/\/www.blc-cjb.com\/fr\/wp-json\/wp\/v2\/media?parent=1064"}],"curies":[{"name":"wp","href":"https:\/\/api.w.org\/{rel}","templated":true}]}}