{"id":1062,"date":"2019-11-27T05:53:03","date_gmt":"2019-11-27T10:53:03","guid":{"rendered":"https:\/\/windsor.turnbull.co\/?page_id=1062"},"modified":"2024-12-09T10:25:35","modified_gmt":"2024-12-09T15:25:35","slug":"le-personnel-de-la-clinique","status":"publish","type":"page","link":"https:\/\/www.blc-cjb.com\/fr\/qui-sommes-nous\/le-personnel-de-la-clinique\/","title":{"rendered":"Notre personnel"},"content":{"rendered":"\n<h3>Kevin Pinsonneault<\/h3>\n<p>Kevin Pinsonneault est le directeur g\u00e9n\u00e9ral de la Clinique juridique bilingue Windsor\u2011Essex. Il travaille sous la direction de notre conseil d\u2019administration. Kevin a obtenu un dipl\u00f4me en affaires, en administration et en marketing du Coll\u00e8ge St. Clair, un baccalaur\u00e9at en commerce (avec mention), une ma\u00eetrise en administration des affaires et un baccalaur\u00e9at en droit de l\u2019Universit\u00e9 de Windsor. Kevin a \u00e9t\u00e9 admis au barreau en\u00a02006 et a de l\u2019exp\u00e9rience dans la repr\u00e9sentation des clients devant les tribunaux administratifs en ce qui concerne Ontario au travail, le Programme ontarien de soutien aux personnes handicap\u00e9es, le R\u00e9gime de pensions du Canada (invalidit\u00e9), les droits de l\u2019homme et le droit de l\u2019emploi.<\/p>\n<h3>Marie Laforge<\/h3>\n<p>Marie Laforge est la directrice des op\u00e9rations de la Clinique juridique bilingue Windsor\u2011Essex. Elle travaille \u00e0 la clinique depuis sa cr\u00e9ation en\u00a01987. Elle est responsable de tous les services op\u00e9rationnels et administratifs de la clinique. Son poste comprend les r\u00f4les et responsabilit\u00e9s d\u2019adjointe ex\u00e9cutive du directeur g\u00e9n\u00e9ral, l\u2019administration des conseils et la gestion des op\u00e9rations.<\/p>\n<h3>Amy Lavoie<\/h3>\n<p>Amy Lavoie est avocate principale et directrice des services juridiques. Elle travaille comme avocate \u00e0 la Clinique juridique bilingue Windsor\u2011Essex depuis\u00a02012, apr\u00e8s avoir pratiqu\u00e9 le droit familial chez Hogarth Hermiston Severs, LLP \u00e0 Windsor, en Ontario. Elle est titulaire d\u2019un baccalaur\u00e9at en psychologie et en droit dans la soci\u00e9t\u00e9 de l\u2019Universit\u00e9 du Nouveau-Brunswick, ainsi que d\u2019un dipl\u00f4me en droit de l\u2019Universit\u00e9 de Windsor. Amy a \u00e9t\u00e9 admise au barreau en\u00a02004 et poss\u00e8de une grande exp\u00e9rience de la repr\u00e9sentation de clients devant les tribunaux administratifs en ce qui concerne le Programme ontarien de soutien aux personnes handicap\u00e9es et le R\u00e9gime de pensions du Canada (invalidit\u00e9).<\/p>\n<h3>Justin Levesque<\/h3>\n<p>Justin est avocat au sein de la Clinique juridique bilingue Windsor\u2011Essex et a \u00e9t\u00e9 admis au barreau en\u00a02015. Il a travaill\u00e9 pendant trois ans en tant que praticien ind\u00e9pendant avant de rejoindre la clinique en tant qu\u2019avocat en\u00a02018. Les secteurs d\u2019activit\u00e9 de Justin comprennent le droit du logement et le droit de l\u2019immigration. Justin a obtenu un baccalaur\u00e9at en sociologie (<em>cum laude<\/em>) et un doctorat en droit de l\u2019Universit\u00e9 de Windsor.<\/p>\n<h3>Francy Mu\u00f1oz<\/h3>\n<p>Francy Munoz a rejoint la Clinique juridique bilingue Windsor\u2011Essex en 2012 en tant que travailleuse juridique communautaire. Elle est aujourd&rsquo;hui parajuriste licenci\u00e9e et directrice du programme C.A.R.E. pour les travailleurs (migrants) internationaux. Francy est titulaire d&rsquo;un dipl\u00f4me de droit et d&rsquo;une ma\u00eetrise en droit administratif de Colombie, ainsi que d&rsquo;une certification d&rsquo;interpr\u00e8te linguistique du St. Clair College. Depuis 2017, elle g\u00e8re \u00e0 la fois le programme C.A.R.E et le programme des clients hispanophones. Elle est actuellement candidate \u00e0 l&rsquo;admission au barreau de l&rsquo;Ontario.<\/p>\n<h3>Tammy Ulakovich<\/h3>\n<p>Tammy Ulakovich travaille \u00e0 la clinique depuis\u00a02011. Elle est titulaire d\u2019un baccalaur\u00e9at en communication de l\u2019Universit\u00e9 de Windsor. Elle est notre travailleuse charg\u00e9e de l\u2019accueil \u00e0 temps partiel. Elle est notamment charg\u00e9e de la gestion des dossiers, de l\u2019accueil, de la gestion du site Web, de la pr\u00e9paration des examens internes et des formulaires d\u2019appel relatifs aux questions d\u2019aide sociale. Tammy assure \u00e9galement la liaison entre nos clients et les organismes communautaires.<\/p>\n<h3>Noor Abdallah<\/h3>\n<p>Noor Abdallah travaille \u00e0 la clinique depuis\u00a02022. Elle est titulaire d\u2019un baccalaur\u00e9at en relations internationales avec sp\u00e9cialisation en histoire de l\u2019Universit\u00e9 de Windsor. Noor parle couramment trois langues\u00a0: l\u2019anglais, l\u2019arabe et le fran\u00e7ais. Elle est notre travailleuse charg\u00e9e de l\u2019accueil de premi\u00e8re ligne \u00e0 temps plein. Elle est charg\u00e9e d\u2019accueillir les clients pendant les heures d\u2019ouverture, de r\u00e9pondre aux appels et aux courriels, de proc\u00e9der \u00e0 l\u2019admission des nouveaux clients et d\u2019aiguiller les clients vers divers organismes et organismes communautaires.\u00a0<\/p>\n<p>\u00a0<\/p>\n","protected":false},"excerpt":{"rendered":"<p>Kevin Pinsonneault<br \/>\nKevin Pinsonneault est le directeur g\u00e9n\u00e9ral de la Clinique juridique bilingue Windsor\u2011Essex. Il travaille sous la direction de notre conseil d\u2019administration. Kevin a obtenu un dipl\u00f4me en affaires, en administration et en marketing du Coll\u00e8ge St. Clair, un baccalaur\u00e9at en commerce (avec mention), une ma\u00eetrise en administration des affaires et un baccalaur\u00e9at en droit de l\u2019Universit\u00e9 de Windsor.<\/p>\n","protected":false},"author":2,"featured_media":0,"parent":1057,"menu_order":0,"comment_status":"closed","ping_status":"closed","template":"","meta":{"_bbp_topic_count":0,"_bbp_reply_count":0,"_bbp_total_topic_count":0,"_bbp_total_reply_count":0,"_bbp_voice_count":0,"_bbp_anonymous_reply_count":0,"_bbp_topic_count_hidden":0,"_bbp_reply_count_hidden":0,"_bbp_forum_subforum_count":0,"footnotes":""},"class_list":["post-1062","page","type-page","status-publish","hentry"],"yoast_head":"<!-- This site is optimized with the Yoast SEO plugin v27.0 - https:\/\/yoast.com\/product\/yoast-seo-wordpress\/ -->\n<title>Notre personnel - Clinique juridique bilingue Windsor-Essex Bilingual Legal Clinic<\/title>\n<meta name=\"robots\" content=\"index, follow, max-snippet:-1, max-image-preview:large, max-video-preview:-1\" \/>\n<link rel=\"canonical\" href=\"https:\/\/www.blc-cjb.com\/fr\/qui-sommes-nous\/le-personnel-de-la-clinique\/\" \/>\n<meta property=\"og:locale\" content=\"fr_FR\" \/>\n<meta property=\"og:type\" content=\"article\" \/>\n<meta property=\"og:title\" content=\"Notre personnel - Clinique juridique bilingue Windsor-Essex Bilingual Legal Clinic\" \/>\n<meta property=\"og:description\" content=\"Kevin Pinsonneault Kevin Pinsonneault est le directeur g\u00e9n\u00e9ral de la Clinique juridique bilingue Windsor\u2011Essex. Il travaille sous la direction de notre conseil d\u2019administration. Kevin a obtenu un dipl\u00f4me en affaires, en administration et en marketing du Coll\u00e8ge St. Clair, un baccalaur\u00e9at en commerce (avec mention), une ma\u00eetrise en administration des affaires et un baccalaur\u00e9at en droit de l\u2019Universit\u00e9 de Windsor.\" \/>\n<meta property=\"og:url\" content=\"https:\/\/www.blc-cjb.com\/fr\/qui-sommes-nous\/le-personnel-de-la-clinique\/\" \/>\n<meta property=\"og:site_name\" content=\"Clinique juridique bilingue Windsor-Essex Bilingual Legal Clinic\" \/>\n<meta property=\"article:modified_time\" content=\"2024-12-09T15:25:35+00:00\" \/>\n<meta name=\"twitter:card\" content=\"summary_large_image\" \/>\n<meta name=\"twitter:label1\" content=\"Dur\u00e9e de lecture estim\u00e9e\" \/>\n\t<meta name=\"twitter:data1\" content=\"3 minutes\" \/>\n<script type=\"application\/ld+json\" class=\"yoast-schema-graph\">{\"@context\":\"https:\/\/schema.org\",\"@graph\":[{\"@type\":\"WebPage\",\"@id\":\"https:\/\/www.blc-cjb.com\/fr\/qui-sommes-nous\/le-personnel-de-la-clinique\/\",\"url\":\"https:\/\/www.blc-cjb.com\/fr\/qui-sommes-nous\/le-personnel-de-la-clinique\/\",\"name\":\"Notre personnel - Clinique juridique bilingue Windsor-Essex Bilingual Legal Clinic\",\"isPartOf\":{\"@id\":\"https:\/\/www.blc-cjb.com\/#website\"},\"datePublished\":\"2019-11-27T10:53:03+00:00\",\"dateModified\":\"2024-12-09T15:25:35+00:00\",\"breadcrumb\":{\"@id\":\"https:\/\/www.blc-cjb.com\/fr\/qui-sommes-nous\/le-personnel-de-la-clinique\/#breadcrumb\"},\"inLanguage\":\"fr-FR\",\"potentialAction\":[{\"@type\":\"ReadAction\",\"target\":[\"https:\/\/www.blc-cjb.com\/fr\/qui-sommes-nous\/le-personnel-de-la-clinique\/\"]}]},{\"@type\":\"BreadcrumbList\",\"@id\":\"https:\/\/www.blc-cjb.com\/fr\/qui-sommes-nous\/le-personnel-de-la-clinique\/#breadcrumb\",\"itemListElement\":[{\"@type\":\"ListItem\",\"position\":1,\"name\":\"Home\",\"item\":\"https:\/\/www.blc-cjb.com\/fr\/\"},{\"@type\":\"ListItem\",\"position\":2,\"name\":\"Qui sommes-nous?\",\"item\":\"https:\/\/www.blc-cjb.com\/fr\/qui-sommes-nous\/\"},{\"@type\":\"ListItem\",\"position\":3,\"name\":\"Notre personnel\"}]},{\"@type\":\"WebSite\",\"@id\":\"https:\/\/www.blc-cjb.com\/#website\",\"url\":\"https:\/\/www.blc-cjb.com\/\",\"name\":\"CEO All Clinics\",\"description\":\"\",\"potentialAction\":[{\"@type\":\"SearchAction\",\"target\":{\"@type\":\"EntryPoint\",\"urlTemplate\":\"https:\/\/www.blc-cjb.com\/?s={search_term_string}\"},\"query-input\":{\"@type\":\"PropertyValueSpecification\",\"valueRequired\":true,\"valueName\":\"search_term_string\"}}],\"inLanguage\":\"fr-FR\"}]}<\/script>\n<!-- \/ Yoast SEO plugin. -->","yoast_head_json":{"title":"Notre personnel - Clinique juridique bilingue Windsor-Essex Bilingual Legal Clinic","robots":{"index":"index","follow":"follow","max-snippet":"max-snippet:-1","max-image-preview":"max-image-preview:large","max-video-preview":"max-video-preview:-1"},"canonical":"https:\/\/www.blc-cjb.com\/fr\/qui-sommes-nous\/le-personnel-de-la-clinique\/","og_locale":"fr_FR","og_type":"article","og_title":"Notre personnel - Clinique juridique bilingue Windsor-Essex Bilingual Legal Clinic","og_description":"Kevin Pinsonneault Kevin Pinsonneault est le directeur g\u00e9n\u00e9ral de la Clinique juridique bilingue Windsor\u2011Essex. Il travaille sous la direction de notre conseil d\u2019administration. Kevin a obtenu un dipl\u00f4me en affaires, en administration et en marketing du Coll\u00e8ge St. Clair, un baccalaur\u00e9at en commerce (avec mention), une ma\u00eetrise en administration des affaires et un baccalaur\u00e9at en droit de l\u2019Universit\u00e9 de Windsor.","og_url":"https:\/\/www.blc-cjb.com\/fr\/qui-sommes-nous\/le-personnel-de-la-clinique\/","og_site_name":"Clinique juridique bilingue Windsor-Essex Bilingual Legal Clinic","article_modified_time":"2024-12-09T15:25:35+00:00","twitter_card":"summary_large_image","twitter_misc":{"Dur\u00e9e de lecture estim\u00e9e":"3 minutes"},"schema":{"@context":"https:\/\/schema.org","@graph":[{"@type":"WebPage","@id":"https:\/\/www.blc-cjb.com\/fr\/qui-sommes-nous\/le-personnel-de-la-clinique\/","url":"https:\/\/www.blc-cjb.com\/fr\/qui-sommes-nous\/le-personnel-de-la-clinique\/","name":"Notre personnel - Clinique juridique bilingue Windsor-Essex Bilingual Legal Clinic","isPartOf":{"@id":"https:\/\/www.blc-cjb.com\/#website"},"datePublished":"2019-11-27T10:53:03+00:00","dateModified":"2024-12-09T15:25:35+00:00","breadcrumb":{"@id":"https:\/\/www.blc-cjb.com\/fr\/qui-sommes-nous\/le-personnel-de-la-clinique\/#breadcrumb"},"inLanguage":"fr-FR","potentialAction":[{"@type":"ReadAction","target":["https:\/\/www.blc-cjb.com\/fr\/qui-sommes-nous\/le-personnel-de-la-clinique\/"]}]},{"@type":"BreadcrumbList","@id":"https:\/\/www.blc-cjb.com\/fr\/qui-sommes-nous\/le-personnel-de-la-clinique\/#breadcrumb","itemListElement":[{"@type":"ListItem","position":1,"name":"Home","item":"https:\/\/www.blc-cjb.com\/fr\/"},{"@type":"ListItem","position":2,"name":"Qui sommes-nous?","item":"https:\/\/www.blc-cjb.com\/fr\/qui-sommes-nous\/"},{"@type":"ListItem","position":3,"name":"Notre personnel"}]},{"@type":"WebSite","@id":"https:\/\/www.blc-cjb.com\/#website","url":"https:\/\/www.blc-cjb.com\/","name":"CEO All Clinics","description":"","potentialAction":[{"@type":"SearchAction","target":{"@type":"EntryPoint","urlTemplate":"https:\/\/www.blc-cjb.com\/?s={search_term_string}"},"query-input":{"@type":"PropertyValueSpecification","valueRequired":true,"valueName":"search_term_string"}}],"inLanguage":"fr-FR"}]}},"_links":{"self":[{"href":"https:\/\/www.blc-cjb.com\/fr\/wp-json\/wp\/v2\/pages\/1062","targetHints":{"allow":["GET"]}}],"collection":[{"href":"https:\/\/www.blc-cjb.com\/fr\/wp-json\/wp\/v2\/pages"}],"about":[{"href":"https:\/\/www.blc-cjb.com\/fr\/wp-json\/wp\/v2\/types\/page"}],"author":[{"embeddable":true,"href":"https:\/\/www.blc-cjb.com\/fr\/wp-json\/wp\/v2\/users\/2"}],"replies":[{"embeddable":true,"href":"https:\/\/www.blc-cjb.com\/fr\/wp-json\/wp\/v2\/comments?post=1062"}],"version-history":[{"count":5,"href":"https:\/\/www.blc-cjb.com\/fr\/wp-json\/wp\/v2\/pages\/1062\/revisions"}],"predecessor-version":[{"id":3262,"href":"https:\/\/www.blc-cjb.com\/fr\/wp-json\/wp\/v2\/pages\/1062\/revisions\/3262"}],"up":[{"embeddable":true,"href":"https:\/\/www.blc-cjb.com\/fr\/wp-json\/wp\/v2\/pages\/1057"}],"wp:attachment":[{"href":"https:\/\/www.blc-cjb.com\/fr\/wp-json\/wp\/v2\/media?parent=1062"}],"curies":[{"name":"wp","href":"https:\/\/api.w.org\/{rel}","templated":true}]}}