{"id":1059,"date":"2019-11-27T05:48:19","date_gmt":"2019-11-27T10:48:19","guid":{"rendered":"https:\/\/windsor.turnbull.co\/?page_id=1059"},"modified":"2024-08-31T14:51:32","modified_gmt":"2024-08-31T18:51:32","slug":"a-propos-de-la-clinique","status":"publish","type":"page","link":"https:\/\/www.blc-cjb.com\/fr\/qui-sommes-nous\/a-propos-de-la-clinique\/","title":{"rendered":"\u00c0 propos de nous"},"content":{"rendered":"\n<p>La Clinique juridique bilingue Windsor\u2011Essex est une clinique juridique communautaire \u00e0 but non lucratif qui fournit des services juridiques aux personnes \u00e0 faible revenu vivant dans la r\u00e9gion de Windsor-Essex et du comt\u00e9 d\u2019Essex.<\/p>\n<h2>Notre vision<\/h2>\n<p>La justice sociale, l\u2019autonomisation et le respect des droits linguistiques dans notre communaut\u00e9<\/p>\n<h2>Notre mission<\/h2>\n<p>Fournir des services juridiques gratuits et promouvoir le d\u00e9veloppement communautaire en fran\u00e7ais et en anglais aux personnes \u00e0 faible revenu et aux organisations \u00e0 but non lucratif de Windsor et du comt\u00e9 d\u2019Essex par le biais de la d\u00e9fense des droits, de la repr\u00e9sentation juridique, de l\u2019\u00e9ducation et du soutien dans le cadre d\u2019Aide juridique Ontario.<\/p>\n<h2>Nos services<\/h2>\n<p>La clinique offre gratuitement des conseils, une repr\u00e9sentation et des aiguillages en fran\u00e7ais et en anglais aux r\u00e9sidents \u00e0 faible revenu de Windsor et du comt\u00e9 d\u2019Essex. Ces services sont offerts par des juristes et des parajuristes exp\u00e9riment\u00e9s en droit administratif.\u00a0Ils repr\u00e9sentent les clients, leur donnent des avis juridiques ou les orientent vers les services appropri\u00e9s.\u00a0Toutes les informations demeurent strictement confidentielles.<\/p>\n<h2>La sensibilisation<\/h2>\n<p>La clinique s\u2019engage \u00e9galement dans des activit\u00e9s de r\u00e9forme du droit, de sensibilisation communautaire et d\u2019\u00e9ducation juridique aupr\u00e8s du public.<\/p>\n<h2>Nos programmes<\/h2>\n<h4>Le Programme Int\u00e9gr\u00e9 des services en fran\u00e7ais du Sud-Ouest<\/h4>\n<p>Le programme veille \u00e0 ce que toutes les cliniques juridiques du Sud-Ouest de l\u2019Ontario aient acc\u00e8s \u00e0 des services en fran\u00e7ais pour leurs clients.<a href=\"https:\/\/www.blc-cjb.com\/wp-content\/uploads\/2024\/05\/Programme_Integree_logo.pdf\"><img loading=\"lazy\" decoding=\"async\" class=\"aligncenter wp-image-2870 size-medium\" src=\"https:\/\/www.blc-cjb.com\/wp-content\/uploads\/2024\/05\/Programme_Integree_logo-pdf-300x150.jpg\" alt=\"\" width=\"300\" height=\"150\" \/><\/a><\/p>\n<h4>C.A.R.E pour les travailleurs (migrants) internationaux<\/h4>\n<p>Le programme est compos\u00e9 de 10\u00a0organismes communautaires partenaires qui aident les travailleurs migrants \u00e0 comprendre et \u00e0 exercer leurs droits l\u00e9gaux, ainsi qu\u2019\u00e0 promouvoir leur sant\u00e9 et leur bien-\u00eatre.<a href=\"https:\/\/www.blc-cjb.com\/wp-content\/uploads\/2024\/05\/CARE_LOGO_SPANISH_4x4.pdf\"><img loading=\"lazy\" decoding=\"async\" class=\"aligncenter wp-image-2868\" src=\"https:\/\/www.blc-cjb.com\/wp-content\/uploads\/2024\/05\/CARE_LOGO_SPANISH_4x4-pdf-300x300.jpg\" alt=\"\" width=\"215\" height=\"215\" \/><\/a><\/p>\n","protected":false},"excerpt":{"rendered":"<p>La Clinique juridique bilingue Windsor\u2011Essex est une clinique juridique communautaire \u00e0 but non lucratif qui fournit des services juridiques aux personnes \u00e0 faible revenu vivant dans la r\u00e9gion de Windsor-Essex et du comt\u00e9 d\u2019Essex.<br \/>\nNotre vision<br \/>\nLa justice sociale, l\u2019autonomisation et le respect des droits linguistiques dans notre communaut\u00e9<br \/>\nNotre mission<br \/>\nFournir des services juridiques gratuits et promouvoir le d\u00e9veloppement communautaire en fran\u00e7ais et en anglais aux personnes \u00e0 faible revenu et aux organisations \u00e0 but non lucratif de Windsor et du comt\u00e9 d\u2019Essex par le biais de la d\u00e9fense des droits,<\/p>\n","protected":false},"author":2,"featured_media":0,"parent":1057,"menu_order":0,"comment_status":"closed","ping_status":"closed","template":"","meta":{"_bbp_topic_count":0,"_bbp_reply_count":0,"_bbp_total_topic_count":0,"_bbp_total_reply_count":0,"_bbp_voice_count":0,"_bbp_anonymous_reply_count":0,"_bbp_topic_count_hidden":0,"_bbp_reply_count_hidden":0,"_bbp_forum_subforum_count":0,"footnotes":""},"class_list":["post-1059","page","type-page","status-publish","hentry"],"yoast_head":"<!-- This site is optimized with the Yoast SEO plugin v27.0 - https:\/\/yoast.com\/product\/yoast-seo-wordpress\/ -->\n<title>\u00c0 propos de nous - Clinique juridique bilingue Windsor-Essex Bilingual Legal Clinic<\/title>\n<meta name=\"robots\" content=\"index, follow, max-snippet:-1, max-image-preview:large, max-video-preview:-1\" \/>\n<link rel=\"canonical\" href=\"https:\/\/www.blc-cjb.com\/fr\/qui-sommes-nous\/a-propos-de-la-clinique\/\" \/>\n<meta property=\"og:locale\" content=\"fr_FR\" \/>\n<meta property=\"og:type\" content=\"article\" \/>\n<meta property=\"og:title\" content=\"\u00c0 propos de nous - Clinique juridique bilingue Windsor-Essex Bilingual Legal Clinic\" \/>\n<meta property=\"og:description\" content=\"La Clinique juridique bilingue Windsor\u2011Essex est une clinique juridique communautaire \u00e0 but non lucratif qui fournit des services juridiques aux personnes \u00e0 faible revenu vivant dans la r\u00e9gion de Windsor-Essex et du comt\u00e9 d\u2019Essex. Notre vision La justice sociale, l\u2019autonomisation et le respect des droits linguistiques dans notre communaut\u00e9 Notre mission Fournir des services juridiques gratuits et promouvoir le d\u00e9veloppement communautaire en fran\u00e7ais et en anglais aux personnes \u00e0 faible revenu et aux organisations \u00e0 but non lucratif de Windsor et du comt\u00e9 d\u2019Essex par le biais de la d\u00e9fense des droits,\" \/>\n<meta property=\"og:url\" content=\"https:\/\/www.blc-cjb.com\/fr\/qui-sommes-nous\/a-propos-de-la-clinique\/\" \/>\n<meta property=\"og:site_name\" content=\"Clinique juridique bilingue Windsor-Essex Bilingual Legal Clinic\" \/>\n<meta property=\"article:modified_time\" content=\"2024-08-31T18:51:32+00:00\" \/>\n<meta property=\"og:image\" content=\"https:\/\/www.blc-cjb.com\/wp-content\/uploads\/2024\/05\/Programme_Integree_logo-pdf-300x150.jpg\" \/>\n<meta name=\"twitter:card\" content=\"summary_large_image\" \/>\n<meta name=\"twitter:label1\" content=\"Dur\u00e9e de lecture estim\u00e9e\" \/>\n\t<meta name=\"twitter:data1\" content=\"2 minutes\" \/>\n<script type=\"application\/ld+json\" class=\"yoast-schema-graph\">{\"@context\":\"https:\/\/schema.org\",\"@graph\":[{\"@type\":\"WebPage\",\"@id\":\"https:\/\/www.blc-cjb.com\/fr\/qui-sommes-nous\/a-propos-de-la-clinique\/\",\"url\":\"https:\/\/www.blc-cjb.com\/fr\/qui-sommes-nous\/a-propos-de-la-clinique\/\",\"name\":\"\u00c0 propos de nous - Clinique juridique bilingue Windsor-Essex Bilingual Legal Clinic\",\"isPartOf\":{\"@id\":\"https:\/\/www.blc-cjb.com\/#website\"},\"primaryImageOfPage\":{\"@id\":\"https:\/\/www.blc-cjb.com\/fr\/qui-sommes-nous\/a-propos-de-la-clinique\/#primaryimage\"},\"image\":{\"@id\":\"https:\/\/www.blc-cjb.com\/fr\/qui-sommes-nous\/a-propos-de-la-clinique\/#primaryimage\"},\"thumbnailUrl\":\"https:\/\/www.blc-cjb.com\/wp-content\/uploads\/2024\/05\/Programme_Integree_logo-pdf-300x150.jpg\",\"datePublished\":\"2019-11-27T10:48:19+00:00\",\"dateModified\":\"2024-08-31T18:51:32+00:00\",\"breadcrumb\":{\"@id\":\"https:\/\/www.blc-cjb.com\/fr\/qui-sommes-nous\/a-propos-de-la-clinique\/#breadcrumb\"},\"inLanguage\":\"fr-FR\",\"potentialAction\":[{\"@type\":\"ReadAction\",\"target\":[\"https:\/\/www.blc-cjb.com\/fr\/qui-sommes-nous\/a-propos-de-la-clinique\/\"]}]},{\"@type\":\"ImageObject\",\"inLanguage\":\"fr-FR\",\"@id\":\"https:\/\/www.blc-cjb.com\/fr\/qui-sommes-nous\/a-propos-de-la-clinique\/#primaryimage\",\"url\":\"https:\/\/www.blc-cjb.com\/wp-content\/uploads\/2024\/05\/Programme_Integree_logo-pdf-300x150.jpg\",\"contentUrl\":\"https:\/\/www.blc-cjb.com\/wp-content\/uploads\/2024\/05\/Programme_Integree_logo-pdf-300x150.jpg\"},{\"@type\":\"BreadcrumbList\",\"@id\":\"https:\/\/www.blc-cjb.com\/fr\/qui-sommes-nous\/a-propos-de-la-clinique\/#breadcrumb\",\"itemListElement\":[{\"@type\":\"ListItem\",\"position\":1,\"name\":\"Home\",\"item\":\"https:\/\/www.blc-cjb.com\/fr\/\"},{\"@type\":\"ListItem\",\"position\":2,\"name\":\"Qui sommes-nous?\",\"item\":\"https:\/\/www.blc-cjb.com\/fr\/qui-sommes-nous\/\"},{\"@type\":\"ListItem\",\"position\":3,\"name\":\"\u00c0 propos de nous\"}]},{\"@type\":\"WebSite\",\"@id\":\"https:\/\/www.blc-cjb.com\/#website\",\"url\":\"https:\/\/www.blc-cjb.com\/\",\"name\":\"CEO All Clinics\",\"description\":\"\",\"potentialAction\":[{\"@type\":\"SearchAction\",\"target\":{\"@type\":\"EntryPoint\",\"urlTemplate\":\"https:\/\/www.blc-cjb.com\/?s={search_term_string}\"},\"query-input\":{\"@type\":\"PropertyValueSpecification\",\"valueRequired\":true,\"valueName\":\"search_term_string\"}}],\"inLanguage\":\"fr-FR\"}]}<\/script>\n<!-- \/ Yoast SEO plugin. -->","yoast_head_json":{"title":"\u00c0 propos de nous - Clinique juridique bilingue Windsor-Essex Bilingual Legal Clinic","robots":{"index":"index","follow":"follow","max-snippet":"max-snippet:-1","max-image-preview":"max-image-preview:large","max-video-preview":"max-video-preview:-1"},"canonical":"https:\/\/www.blc-cjb.com\/fr\/qui-sommes-nous\/a-propos-de-la-clinique\/","og_locale":"fr_FR","og_type":"article","og_title":"\u00c0 propos de nous - Clinique juridique bilingue Windsor-Essex Bilingual Legal Clinic","og_description":"La Clinique juridique bilingue Windsor\u2011Essex est une clinique juridique communautaire \u00e0 but non lucratif qui fournit des services juridiques aux personnes \u00e0 faible revenu vivant dans la r\u00e9gion de Windsor-Essex et du comt\u00e9 d\u2019Essex. Notre vision La justice sociale, l\u2019autonomisation et le respect des droits linguistiques dans notre communaut\u00e9 Notre mission Fournir des services juridiques gratuits et promouvoir le d\u00e9veloppement communautaire en fran\u00e7ais et en anglais aux personnes \u00e0 faible revenu et aux organisations \u00e0 but non lucratif de Windsor et du comt\u00e9 d\u2019Essex par le biais de la d\u00e9fense des droits,","og_url":"https:\/\/www.blc-cjb.com\/fr\/qui-sommes-nous\/a-propos-de-la-clinique\/","og_site_name":"Clinique juridique bilingue Windsor-Essex Bilingual Legal Clinic","article_modified_time":"2024-08-31T18:51:32+00:00","og_image":[{"url":"https:\/\/www.blc-cjb.com\/wp-content\/uploads\/2024\/05\/Programme_Integree_logo-pdf-300x150.jpg","type":"","width":"","height":""}],"twitter_card":"summary_large_image","twitter_misc":{"Dur\u00e9e de lecture estim\u00e9e":"2 minutes"},"schema":{"@context":"https:\/\/schema.org","@graph":[{"@type":"WebPage","@id":"https:\/\/www.blc-cjb.com\/fr\/qui-sommes-nous\/a-propos-de-la-clinique\/","url":"https:\/\/www.blc-cjb.com\/fr\/qui-sommes-nous\/a-propos-de-la-clinique\/","name":"\u00c0 propos de nous - Clinique juridique bilingue Windsor-Essex Bilingual Legal Clinic","isPartOf":{"@id":"https:\/\/www.blc-cjb.com\/#website"},"primaryImageOfPage":{"@id":"https:\/\/www.blc-cjb.com\/fr\/qui-sommes-nous\/a-propos-de-la-clinique\/#primaryimage"},"image":{"@id":"https:\/\/www.blc-cjb.com\/fr\/qui-sommes-nous\/a-propos-de-la-clinique\/#primaryimage"},"thumbnailUrl":"https:\/\/www.blc-cjb.com\/wp-content\/uploads\/2024\/05\/Programme_Integree_logo-pdf-300x150.jpg","datePublished":"2019-11-27T10:48:19+00:00","dateModified":"2024-08-31T18:51:32+00:00","breadcrumb":{"@id":"https:\/\/www.blc-cjb.com\/fr\/qui-sommes-nous\/a-propos-de-la-clinique\/#breadcrumb"},"inLanguage":"fr-FR","potentialAction":[{"@type":"ReadAction","target":["https:\/\/www.blc-cjb.com\/fr\/qui-sommes-nous\/a-propos-de-la-clinique\/"]}]},{"@type":"ImageObject","inLanguage":"fr-FR","@id":"https:\/\/www.blc-cjb.com\/fr\/qui-sommes-nous\/a-propos-de-la-clinique\/#primaryimage","url":"https:\/\/www.blc-cjb.com\/wp-content\/uploads\/2024\/05\/Programme_Integree_logo-pdf-300x150.jpg","contentUrl":"https:\/\/www.blc-cjb.com\/wp-content\/uploads\/2024\/05\/Programme_Integree_logo-pdf-300x150.jpg"},{"@type":"BreadcrumbList","@id":"https:\/\/www.blc-cjb.com\/fr\/qui-sommes-nous\/a-propos-de-la-clinique\/#breadcrumb","itemListElement":[{"@type":"ListItem","position":1,"name":"Home","item":"https:\/\/www.blc-cjb.com\/fr\/"},{"@type":"ListItem","position":2,"name":"Qui sommes-nous?","item":"https:\/\/www.blc-cjb.com\/fr\/qui-sommes-nous\/"},{"@type":"ListItem","position":3,"name":"\u00c0 propos de nous"}]},{"@type":"WebSite","@id":"https:\/\/www.blc-cjb.com\/#website","url":"https:\/\/www.blc-cjb.com\/","name":"CEO All Clinics","description":"","potentialAction":[{"@type":"SearchAction","target":{"@type":"EntryPoint","urlTemplate":"https:\/\/www.blc-cjb.com\/?s={search_term_string}"},"query-input":{"@type":"PropertyValueSpecification","valueRequired":true,"valueName":"search_term_string"}}],"inLanguage":"fr-FR"}]}},"_links":{"self":[{"href":"https:\/\/www.blc-cjb.com\/fr\/wp-json\/wp\/v2\/pages\/1059","targetHints":{"allow":["GET"]}}],"collection":[{"href":"https:\/\/www.blc-cjb.com\/fr\/wp-json\/wp\/v2\/pages"}],"about":[{"href":"https:\/\/www.blc-cjb.com\/fr\/wp-json\/wp\/v2\/types\/page"}],"author":[{"embeddable":true,"href":"https:\/\/www.blc-cjb.com\/fr\/wp-json\/wp\/v2\/users\/2"}],"replies":[{"embeddable":true,"href":"https:\/\/www.blc-cjb.com\/fr\/wp-json\/wp\/v2\/comments?post=1059"}],"version-history":[{"count":3,"href":"https:\/\/www.blc-cjb.com\/fr\/wp-json\/wp\/v2\/pages\/1059\/revisions"}],"predecessor-version":[{"id":2968,"href":"https:\/\/www.blc-cjb.com\/fr\/wp-json\/wp\/v2\/pages\/1059\/revisions\/2968"}],"up":[{"embeddable":true,"href":"https:\/\/www.blc-cjb.com\/fr\/wp-json\/wp\/v2\/pages\/1057"}],"wp:attachment":[{"href":"https:\/\/www.blc-cjb.com\/fr\/wp-json\/wp\/v2\/media?parent=1059"}],"curies":[{"name":"wp","href":"https:\/\/api.w.org\/{rel}","templated":true}]}}